{"id":1011,"date":"2024-02-14T11:35:47","date_gmt":"2024-02-14T11:35:47","guid":{"rendered":"https:\/\/iapnm24.ubi.pt\/?page_id=1011"},"modified":"2024-02-15T20:35:23","modified_gmt":"2024-02-15T20:35:23","slug":"committees","status":"publish","type":"page","link":"https:\/\/iapnm24.ubi.pt\/?page_id=1011","title":{"rendered":"COMMITTEES"},"content":{"rendered":"\t\t<div data-elementor-type=\"wp-page\" data-elementor-id=\"1011\" class=\"elementor elementor-1011\">\n\t\t\t\t<div class=\"elementor-element elementor-element-fcf29dc e-flex e-con-boxed e-con e-parent\" data-id=\"fcf29dc\" data-element_type=\"container\">\n\t\t\t\t\t<div class=\"e-con-inner\">\n\t\t\t\t<div class=\"elementor-element elementor-element-aaf4894 elementor-widget elementor-widget-heading\" data-id=\"aaf4894\" data-element_type=\"widget\" data-widget_type=\"heading.default\">\n\t\t\t\t<div class=\"elementor-widget-container\">\n\t\t\t<style>\/*! elementor - v3.21.0 - 15-04-2024 *\/\n.elementor-heading-title{padding:0;margin:0;line-height:1}.elementor-widget-heading .elementor-heading-title[class*=elementor-size-]>a{color:inherit;font-size:inherit;line-height:inherit}.elementor-widget-heading .elementor-heading-title.elementor-size-small{font-size:15px}.elementor-widget-heading .elementor-heading-title.elementor-size-medium{font-size:19px}.elementor-widget-heading .elementor-heading-title.elementor-size-large{font-size:29px}.elementor-widget-heading .elementor-heading-title.elementor-size-xl{font-size:39px}.elementor-widget-heading .elementor-heading-title.elementor-size-xxl{font-size:59px}<\/style><h2 class=\"elementor-heading-title elementor-size-default\">COMMITTEE MEMBERS<\/h2>\t\t<\/div>\n\t\t\t\t<\/div>\n\t\t\t\t\t<\/div>\n\t\t\t\t<\/div>\n\t\t<div class=\"elementor-element elementor-element-566cd2c e-flex e-con-boxed e-con e-parent\" data-id=\"566cd2c\" data-element_type=\"container\">\n\t\t\t\t\t<div class=\"e-con-inner\">\n\t\t\t\t<div class=\"elementor-element elementor-element-5545ff7 elementor-widget elementor-widget-heading\" data-id=\"5545ff7\" data-element_type=\"widget\" data-widget_type=\"heading.default\">\n\t\t\t\t<div class=\"elementor-widget-container\">\n\t\t\t<h5 class=\"elementor-heading-title elementor-size-default\">CO-CHAIRS<\/h5>\t\t<\/div>\n\t\t\t\t<\/div>\n\t\t\t\t\t<\/div>\n\t\t\t\t<\/div>\n\t\t<div class=\"elementor-element elementor-element-1e322ab e-flex e-con-boxed e-con e-parent\" data-id=\"1e322ab\" data-element_type=\"container\">\n\t\t\t\t\t<div class=\"e-con-inner\">\n\t\t\t\t<div class=\"elementor-element elementor-element-9670c49 elementor-arrows-position-inside elementor-pagination-position-outside elementor-widget elementor-widget-image-carousel\" data-id=\"9670c49\" data-element_type=\"widget\" data-settings=\"{&quot;slides_to_show&quot;:&quot;3&quot;,&quot;navigation&quot;:&quot;both&quot;,&quot;autoplay&quot;:&quot;yes&quot;,&quot;pause_on_hover&quot;:&quot;yes&quot;,&quot;pause_on_interaction&quot;:&quot;yes&quot;,&quot;autoplay_speed&quot;:5000,&quot;infinite&quot;:&quot;yes&quot;,&quot;speed&quot;:500}\" data-widget_type=\"image-carousel.default\">\n\t\t\t\t<div class=\"elementor-widget-container\">\n\t\t\t<style>\/*! elementor - v3.21.0 - 15-04-2024 *\/\n.elementor-widget-image-carousel .swiper,.elementor-widget-image-carousel .swiper-container{position:static}.elementor-widget-image-carousel .swiper-container .swiper-slide figure,.elementor-widget-image-carousel .swiper .swiper-slide figure{line-height:inherit}.elementor-widget-image-carousel .swiper-slide{text-align:center}.elementor-image-carousel-wrapper:not(.swiper-container-initialized):not(.swiper-initialized) .swiper-slide{max-width:calc(100% \/ var(--e-image-carousel-slides-to-show, 3))}<\/style>\t\t<div class=\"elementor-image-carousel-wrapper swiper\" dir=\"ltr\">\n\t\t\t<div class=\"elementor-image-carousel swiper-wrapper\" aria-live=\"off\">\n\t\t\t\t\t\t\t\t<div class=\"swiper-slide\" role=\"group\" aria-roledescription=\"slide\" aria-label=\"1 of 3\"><figure class=\"swiper-slide-inner\"><img decoding=\"async\" class=\"swiper-slide-image\" src=\"https:\/\/iapnm24.ubi.pt\/wp-content\/uploads\/2024\/02\/ricardo-2-150x150-1.jpg\" alt=\"Ricardo Gouveia Rodrigues Universidade da Beira Interior\" \/><figcaption class=\"elementor-image-carousel-caption\">Ricardo Gouveia Rodrigues Universidade da Beira Interior<\/figcaption><\/figure><\/div><div class=\"swiper-slide\" role=\"group\" aria-roledescription=\"slide\" aria-label=\"2 of 3\"><figure class=\"swiper-slide-inner\"><img decoding=\"async\" class=\"swiper-slide-image\" src=\"https:\/\/iapnm24.ubi.pt\/wp-content\/uploads\/2024\/02\/Susana-da-Costa-e-Silva-150x150.jpeg\" alt=\"Susana Costa e Silva Universidade Cat\u00f3lica Portuguesa\" \/><figcaption class=\"elementor-image-carousel-caption\">Susana Costa e Silva Universidade Cat\u00f3lica Portuguesa<\/figcaption><\/figure><\/div><div class=\"swiper-slide\" role=\"group\" aria-roledescription=\"slide\" aria-label=\"3 of 3\"><figure class=\"swiper-slide-inner\"><img decoding=\"async\" class=\"swiper-slide-image\" src=\"https:\/\/iapnm24.ubi.pt\/wp-content\/uploads\/2024\/02\/Paulo-Duarte-1-150x150-1.jpg\" alt=\"Paulo Oliveira  Duarte Universidade da Beira Interior\" \/><figcaption class=\"elementor-image-carousel-caption\">Paulo Oliveira  Duarte Universidade da Beira Interior<\/figcaption><\/figure><\/div>\t\t\t<\/div>\n\t\t\t\t\t\t\t\t\t\t\t\t<div class=\"elementor-swiper-button elementor-swiper-button-prev\" role=\"button\" tabindex=\"0\">\n\t\t\t\t\t\t<svg aria-hidden=\"true\" class=\"e-font-icon-svg e-eicon-chevron-left\" viewBox=\"0 0 1000 1000\" xmlns=\"http:\/\/www.w3.org\/2000\/svg\"><path d=\"M646 125C629 125 613 133 604 142L308 442C296 454 292 471 292 487 292 504 296 521 308 533L604 854C617 867 629 875 646 875 663 875 679 871 692 858 704 846 713 829 713 812 713 796 708 779 692 767L438 487 692 225C700 217 708 204 708 187 708 171 704 154 692 142 675 129 663 125 646 125Z\"><\/path><\/svg>\t\t\t\t\t<\/div>\n\t\t\t\t\t<div class=\"elementor-swiper-button elementor-swiper-button-next\" role=\"button\" tabindex=\"0\">\n\t\t\t\t\t\t<svg aria-hidden=\"true\" class=\"e-font-icon-svg e-eicon-chevron-right\" viewBox=\"0 0 1000 1000\" xmlns=\"http:\/\/www.w3.org\/2000\/svg\"><path d=\"M696 533C708 521 713 504 713 487 713 471 708 454 696 446L400 146C388 133 375 125 354 125 338 125 325 129 313 142 300 154 292 171 292 187 292 204 296 221 308 233L563 492 304 771C292 783 288 800 288 817 288 833 296 850 308 863 321 871 338 875 354 875 371 875 388 867 400 854L696 533Z\"><\/path><\/svg>\t\t\t\t\t<\/div>\n\t\t\t\t\n\t\t\t\t\t\t\t\t\t<div class=\"swiper-pagination\"><\/div>\n\t\t\t\t\t\t\t\t\t<\/div>\n\t\t\t\t<\/div>\n\t\t\t\t<\/div>\n\t\t\t\t\t<\/div>\n\t\t\t\t<\/div>\n\t\t<div class=\"elementor-element elementor-element-0d632b3 e-flex e-con-boxed e-con e-parent\" data-id=\"0d632b3\" data-element_type=\"container\">\n\t\t\t\t\t<div class=\"e-con-inner\">\n\t\t\t\t<div class=\"elementor-element elementor-element-360ec2f elementor-widget__width-initial elementor-widget elementor-widget-toggle\" data-id=\"360ec2f\" data-element_type=\"widget\" data-widget_type=\"toggle.default\">\n\t\t\t\t<div class=\"elementor-widget-container\">\n\t\t\t<style>\/*! elementor - v3.21.0 - 15-04-2024 *\/\n.elementor-toggle{text-align:start}.elementor-toggle .elementor-tab-title{font-weight:700;line-height:1;margin:0;padding:15px;border-bottom:1px solid #d5d8dc;cursor:pointer;outline:none}.elementor-toggle .elementor-tab-title .elementor-toggle-icon{display:inline-block;width:1em}.elementor-toggle .elementor-tab-title .elementor-toggle-icon svg{margin-inline-start:-5px;width:1em;height:1em}.elementor-toggle .elementor-tab-title .elementor-toggle-icon.elementor-toggle-icon-right{float:right;text-align:right}.elementor-toggle .elementor-tab-title .elementor-toggle-icon.elementor-toggle-icon-left{float:left;text-align:left}.elementor-toggle .elementor-tab-title .elementor-toggle-icon .elementor-toggle-icon-closed{display:block}.elementor-toggle .elementor-tab-title .elementor-toggle-icon .elementor-toggle-icon-opened{display:none}.elementor-toggle .elementor-tab-title.elementor-active{border-bottom:none}.elementor-toggle .elementor-tab-title.elementor-active .elementor-toggle-icon-closed{display:none}.elementor-toggle .elementor-tab-title.elementor-active .elementor-toggle-icon-opened{display:block}.elementor-toggle .elementor-tab-content{padding:15px;border-bottom:1px solid #d5d8dc;display:none}@media (max-width:767px){.elementor-toggle .elementor-tab-title{padding:12px}.elementor-toggle .elementor-tab-content{padding:12px 10px}}.e-con-inner>.elementor-widget-toggle,.e-con>.elementor-widget-toggle{width:var(--container-widget-width);--flex-grow:var(--container-widget-flex-grow)}<\/style>\t\t<div class=\"elementor-toggle\">\n\t\t\t\t\t\t\t<div class=\"elementor-toggle-item\">\n\t\t\t\t\t<div id=\"elementor-tab-title-5661\" class=\"elementor-tab-title\" data-tab=\"1\" role=\"button\" aria-controls=\"elementor-tab-content-5661\" aria-expanded=\"false\">\n\t\t\t\t\t\t\t\t\t\t\t\t<span class=\"elementor-toggle-icon elementor-toggle-icon-left\" aria-hidden=\"true\">\n\t\t\t\t\t\t\t\t\t\t\t\t\t\t\t<span class=\"elementor-toggle-icon-closed\"><svg class=\"e-font-icon-svg e-fas-caret-right\" viewBox=\"0 0 192 512\" xmlns=\"http:\/\/www.w3.org\/2000\/svg\"><path d=\"M0 384.662V127.338c0-17.818 21.543-26.741 34.142-14.142l128.662 128.662c7.81 7.81 7.81 20.474 0 28.284L34.142 398.804C21.543 411.404 0 402.48 0 384.662z\"><\/path><\/svg><\/span>\n\t\t\t\t\t\t\t\t<span class=\"elementor-toggle-icon-opened\"><svg class=\"elementor-toggle-icon-opened e-font-icon-svg e-fas-caret-up\" viewBox=\"0 0 320 512\" xmlns=\"http:\/\/www.w3.org\/2000\/svg\"><path d=\"M288.662 352H31.338c-17.818 0-26.741-21.543-14.142-34.142l128.662-128.662c7.81-7.81 20.474-7.81 28.284 0l128.662 128.662c12.6 12.599 3.676 34.142-14.142 34.142z\"><\/path><\/svg><\/span>\n\t\t\t\t\t\t\t\t\t\t\t\t\t<\/span>\n\t\t\t\t\t\t\t\t\t\t\t\t<a class=\"elementor-toggle-title\" tabindex=\"0\">ORGANISING COMMITTEE<\/a>\n\t\t\t\t\t<\/div>\n\n\t\t\t\t\t<div id=\"elementor-tab-content-5661\" class=\"elementor-tab-content elementor-clearfix\" data-tab=\"1\" role=\"region\" aria-labelledby=\"elementor-tab-title-5661\"><ul><li><strong>Andreia Ferreira<\/strong>, Universidade da Beira Interior<\/li><li><strong>Arminda do Pa\u00e7o<\/strong>, Universidade da Beira Interior<\/li><li><strong>Carla Pereira<\/strong>, Universidade da Beira Interior<\/li><li><strong>Cl\u00e1udia Dias<\/strong>, Universidade da Beira Interior<\/li><li><strong>Elisabeth Ba\u00eda<\/strong>,Universidade da Beira Interior<\/li><li><strong>Eug\u00e9nia Pedro<\/strong>, Universidade da Beira Interior<\/li><li><strong>Jo\u00e3o Pereira<\/strong>, Universidade da Beira Interior<\/li><li><strong>Nathalia Suchek<\/strong>, Universidade da Beira Interior<\/li><li><strong>Sofia Pinho<\/strong>, Universidade da Beira Interior<\/li><li><p><strong>Sue Narazaki<\/strong>, Universidade Presbiteriana Mackenzie\u00a0<\/p><\/li><li><strong>V\u00edtor Figueiredo<\/strong>, Universidade da Beira Interior<\/li><\/ul><\/div>\n\t\t\t\t<\/div>\n\t\t\t\t\t\t\t<div class=\"elementor-toggle-item\">\n\t\t\t\t\t<div id=\"elementor-tab-title-5662\" class=\"elementor-tab-title\" data-tab=\"2\" role=\"button\" aria-controls=\"elementor-tab-content-5662\" aria-expanded=\"false\">\n\t\t\t\t\t\t\t\t\t\t\t\t<span class=\"elementor-toggle-icon elementor-toggle-icon-left\" aria-hidden=\"true\">\n\t\t\t\t\t\t\t\t\t\t\t\t\t\t\t<span class=\"elementor-toggle-icon-closed\"><svg class=\"e-font-icon-svg e-fas-caret-right\" viewBox=\"0 0 192 512\" xmlns=\"http:\/\/www.w3.org\/2000\/svg\"><path d=\"M0 384.662V127.338c0-17.818 21.543-26.741 34.142-14.142l128.662 128.662c7.81 7.81 7.81 20.474 0 28.284L34.142 398.804C21.543 411.404 0 402.48 0 384.662z\"><\/path><\/svg><\/span>\n\t\t\t\t\t\t\t\t<span class=\"elementor-toggle-icon-opened\"><svg class=\"elementor-toggle-icon-opened e-font-icon-svg e-fas-caret-up\" viewBox=\"0 0 320 512\" xmlns=\"http:\/\/www.w3.org\/2000\/svg\"><path d=\"M288.662 352H31.338c-17.818 0-26.741-21.543-14.142-34.142l128.662-128.662c7.81-7.81 20.474-7.81 28.284 0l128.662 128.662c12.6 12.599 3.676 34.142-14.142 34.142z\"><\/path><\/svg><\/span>\n\t\t\t\t\t\t\t\t\t\t\t\t\t<\/span>\n\t\t\t\t\t\t\t\t\t\t\t\t<a class=\"elementor-toggle-title\" tabindex=\"0\">SCIENTIFIC COMMITTEE<\/a>\n\t\t\t\t\t<\/div>\n\n\t\t\t\t\t<div id=\"elementor-tab-content-5662\" class=\"elementor-tab-content elementor-clearfix\" data-tab=\"2\" role=\"region\" aria-labelledby=\"elementor-tab-title-5662\"><ul><li><strong>Alberto Padula<\/strong>, University of Rome \u201cTor Vergata\u201d<\/li><li><strong>Amparo Cervera<\/strong>, University of Valencia<\/li><li><strong>Ana Lanero<\/strong>, University of Le\u00f3n and Treasurer<\/li><li><strong>Ana Maria Soares<\/strong>, University of Minho<\/li><li><strong>Ani Matei<\/strong>, National School of Political Science and Public Administration<\/li><li><strong>Anna Vanova<\/strong>, Matej Bel University<\/li><li><strong>Annam\u00e1ria Sasn\u00e9 Gr\u00f3sz<\/strong>, University of Pannonia<\/li><li><strong>Arminda Maria Do Pa\u00e7o<\/strong>, Universidade da Beira Interior<\/li><li><strong>Arvydas Guogis<\/strong>, Mykolas Romeris University<\/li><li><strong>Beatriz Casais<\/strong>, University of Minho<\/li><li><strong>Celina Solek<\/strong>, Warsaw School of Economics<\/li><li><strong>Charles Nwaneri Emezi<\/strong>, Federal Polytechnic Nekede Owerri<\/li><li><strong>Claude Pecheux<\/strong>, Catholic University of Leuven<\/li><li><strong>Clementina Galera<\/strong>, University of Extremadura<\/li><li><p><strong>Cristina Estev\u00e3o<\/strong>, Universidade da Beira Interior\u00a0<\/p><\/li><li><strong>Edith Patricia Borboa \u00c1lvarez<\/strong>, Technologic Institute of Sonora<\/li><li><strong>Edy Lorena Burbano<\/strong>, Universidad de San Buenaventura Cali<\/li><li><strong>Elisa Monnot<\/strong>, Cergy-Pontoise University<\/li><li><strong>Emerson Wagner Mainardes<\/strong>, FUCAPE Business School<\/li><li><strong>Enrique Carlos Bianchi<\/strong>, Catholic University of C\u00f3rdoba<\/li><li><strong>Erzs\u00e9bet Hetesi<\/strong>, University of Szeged<\/li><li><strong>Gabriel Wald<\/strong>, Catholic University Andres Bello<\/li><li><strong>Gonzalo D\u00edaz<\/strong>, University of Las Palmas de Gran Canaria<\/li><li><strong>Helena Maria Alves<\/strong>, Universidade da Beira Interior<\/li><li><strong>Hina Bhatti<\/strong>, Riphah International University<\/li><li><strong>In\u00eas Veiga Pereira<\/strong>, Polytechnic of Porto Porto Accounting and Business School<\/li><li><strong>Irena Ograjen\u0161ek<\/strong>, University of Ljubljana<\/li><li><strong>Ivan Georgiev<\/strong>, Trakia University Stara Zagora<\/li><li><strong>Jorge Cea Valencia<\/strong>, Federico Santa Mar\u00eda Technical University<\/li><li><strong>Jos\u00e9 Luis V\u00e1zquez<\/strong>, University of Le\u00f3n<\/li><li><strong>Judit Sulyok<\/strong>, University of Pannonia<\/li><li><strong>Katalin L\u0151rincz<\/strong>, University of Pannonia<\/li><li><strong>L\u00e1szl\u00f3 J\u00f3zsa<\/strong>, University of Pannonia<\/li><li><strong>Luis Matosas L\u00f3pez<\/strong>, Rey Juan Carlos University<\/li><li><strong>Luis Ortigueira<\/strong>, Pacific University \/Universidad del Pac\u00edfico<\/li><li><strong>Madalena E\u00e7a de Abreu<\/strong>, Instituto Polit\u00e9cnico de Coimbra,<\/li><li><strong>Marco A. Rios Ponce<\/strong>, Azuay University \/Universidad del Azuay<\/li><li><strong>Maria Isabel Sanchez-Hernandez<\/strong>, University of Extremadura<\/li><li><strong>Maria Mercedes Galan-Ladero,\u00a0<\/strong>Universidad de Extremadura<\/li><li><strong>Mario J. Miranda<\/strong>, Ramkhamhaeng University Institute of International Studies<\/li><li><strong>Marisa Ferreira<\/strong>, Polytechnic Institute of Porto<\/li><li><strong>Marlene Demetriou<\/strong>, University of Nicosia<\/li><li><strong>Marlize Terblanche-Smit<\/strong>, Stellenbosch University<\/li><li><strong>Maurice Murphy<\/strong>, Cork Institute of Technology<\/li><li><strong>Mirna Leko-\u0160imi\u010d<\/strong>, University of Osijek<\/li><li><strong>Miroslav Foret<\/strong>, College of International and Public Relations Prague<\/li><li><strong>Nancy Engelhardt<\/strong>, Marymount University<\/li><li><p><strong>Olga Pereira, <\/strong>Polytechnic Institute of Porto\u00a0<\/p><\/li><li><strong>Omneya Yacout<\/strong>, Alexandria University National Representative for Egypt<\/li><li><strong>\u00d3scar Daniel Licandro<\/strong>, CLAEH University<\/li><li><strong>Paulo Duarte<\/strong>,\u00a0Universidade da Beira Interior<\/li><li><strong>Paulo Jorge Gon\u00e7alves<\/strong>, Polytechnic of Porto Porto Accounting and Business School<\/li><li><strong>Ricardo Gouveia Rodrigues<\/strong>, Universidade da Beira Interior<\/li><li><strong>Rodoula Tsiotsou<\/strong>, University of Macedonia<\/li><li><strong>Sebastian Martin<\/strong>, University of Applied Sciences Upper Austria<\/li><li><strong>Susana Costa e Silva<\/strong>,\u00a0Universidade Cat\u00f3lica do Porto<\/li><li><strong>Walter W. Wymer<\/strong>, University of Lethbridge<\/li><li><strong>Zolt\u00e1n Veres<\/strong>, University of Pannonia<\/li><\/ul><\/div>\n\t\t\t\t<\/div>\n\t\t\t\t\t\t\t\t<\/div>\n\t\t\t\t<\/div>\n\t\t\t\t<\/div>\n\t\t\t\t\t<\/div>\n\t\t\t\t<\/div>\n\t\t\t\t<\/div>\n\t\t","protected":false},"excerpt":{"rendered":"<p>COMMITTEE MEMBERS CO-CHAIRS Ricardo Gouveia Rodrigues Universidade da Beira Interior Susana Costa e Silva Universidade Cat\u00f3lica Portuguesa Paulo Oliveira Duarte Universidade da Beira Interior ORGANISING COMMITTEE Andreia Ferreira, Universidade da Beira Interior Arminda do Pa\u00e7o, Universidade da Beira Interior Carla Pereira, Universidade da Beira Interior Cl\u00e1udia Dias, Universidade da Beira Interior Elisabeth Ba\u00eda,Universidade da Beira &hellip; <\/p>\n","protected":false},"author":1,"featured_media":106,"parent":0,"menu_order":0,"comment_status":"closed","ping_status":"closed","template":"","meta":{"footnotes":""},"class_list":["post-1011","page","type-page","status-publish","has-post-thumbnail","hentry"],"_links":{"self":[{"href":"https:\/\/iapnm24.ubi.pt\/index.php?rest_route=\/wp\/v2\/pages\/1011","targetHints":{"allow":["GET"]}}],"collection":[{"href":"https:\/\/iapnm24.ubi.pt\/index.php?rest_route=\/wp\/v2\/pages"}],"about":[{"href":"https:\/\/iapnm24.ubi.pt\/index.php?rest_route=\/wp\/v2\/types\/page"}],"author":[{"embeddable":true,"href":"https:\/\/iapnm24.ubi.pt\/index.php?rest_route=\/wp\/v2\/users\/1"}],"replies":[{"embeddable":true,"href":"https:\/\/iapnm24.ubi.pt\/index.php?rest_route=%2Fwp%2Fv2%2Fcomments&post=1011"}],"version-history":[{"count":73,"href":"https:\/\/iapnm24.ubi.pt\/index.php?rest_route=\/wp\/v2\/pages\/1011\/revisions"}],"predecessor-version":[{"id":1165,"href":"https:\/\/iapnm24.ubi.pt\/index.php?rest_route=\/wp\/v2\/pages\/1011\/revisions\/1165"}],"wp:featuredmedia":[{"embeddable":true,"href":"https:\/\/iapnm24.ubi.pt\/index.php?rest_route=\/wp\/v2\/media\/106"}],"wp:attachment":[{"href":"https:\/\/iapnm24.ubi.pt\/index.php?rest_route=%2Fwp%2Fv2%2Fmedia&parent=1011"}],"curies":[{"name":"wp","href":"https:\/\/api.w.org\/{rel}","templated":true}]}}